{"id":402,"date":"2025-08-09T16:30:43","date_gmt":"2025-08-09T16:30:43","guid":{"rendered":"http:\/\/berry-elec-technologie.com\/?page_id=402"},"modified":"2026-02-05T23:22:17","modified_gmt":"2026-02-05T22:22:17","slug":"accueil","status":"publish","type":"page","link":"https:\/\/berry-elec-technologie.com\/","title":{"rendered":"Accueil"},"content":{"rendered":"\n<hr class=\"wp-block-separator has-alpha-channel-opacity is-style-wide\"\/>\n\n\n\n<div style=\"height:55px\" aria-hidden=\"true\" class=\"wp-block-spacer\"><\/div>\n\n\n\n<div class=\"wp-block-media-text is-stacked-on-mobile\" style=\"grid-template-columns:31% auto\"><figure class=\"wp-block-media-text__media\"><img fetchpriority=\"high\" decoding=\"async\" width=\"768\" height=\"1024\" src=\"https:\/\/berry-elec-technologie.com\/wp-content\/uploads\/2025\/12\/IMG_0065-768x1024.jpeg\" alt=\"\" class=\"wp-image-550 size-full\" srcset=\"https:\/\/berry-elec-technologie.com\/wp-content\/uploads\/2025\/12\/IMG_0065-768x1024.jpeg 768w, https:\/\/berry-elec-technologie.com\/wp-content\/uploads\/2025\/12\/IMG_0065-225x300.jpeg 225w, https:\/\/berry-elec-technologie.com\/wp-content\/uploads\/2025\/12\/IMG_0065-1152x1536.jpeg 1152w, https:\/\/berry-elec-technologie.com\/wp-content\/uploads\/2025\/12\/IMG_0065-1536x2048.jpeg 1536w, https:\/\/berry-elec-technologie.com\/wp-content\/uploads\/2025\/12\/IMG_0065-scaled.jpeg 1920w\" sizes=\"(max-width: 768px) 100vw, 768px\" \/><\/figure><div class=\"wp-block-media-text__content\">\n<h2 class=\"wp-block-heading\">Electricit\u00e9 G\u00e9n\u00e9rale<\/h2>\n\n\n\n<p>\u27a5 Remplacement ou cr\u00e9ation de tableau \u00e9lectrique aux normes.<br>\u27a5 Installation et d\u00e9pannages tout types d&rsquo;\u00e9lectricit\u00e9s (\u00e9clairages, prises, disjoncteurs, &#8230;)<br>\u27a5 Installation d&rsquo;\u00e9quipement domotiques (motorisations, compteurs connect\u00e9es, prises et relais connect\u00e9es, &#8230;)<\/p>\n\n\n\n<div class=\"wp-block-buttons is-content-justification-center is-layout-flex wp-container-core-buttons-is-layout-16018d1d wp-block-buttons-is-layout-flex\">\n<div class=\"wp-block-button\"><a class=\"wp-block-button__link wp-element-button\" href=\"https:\/\/berry-elec-technologie.com\/index.php\/electricite-generale\/\"><mark style=\"background-color:rgba(0, 0, 0, 0)\" class=\"has-inline-color has-white-color\">Voir plus<\/mark><\/a><\/div>\n<\/div>\n<\/div><\/div>\n\n\n\n<div style=\"height:35px\" aria-hidden=\"true\" class=\"wp-block-spacer\"><\/div>\n\n\n\n<div class=\"wp-block-media-text has-media-on-the-right is-stacked-on-mobile\" style=\"grid-template-columns:auto 47%\"><div class=\"wp-block-media-text__content\">\n<h2 class=\"wp-block-heading\">Eclairage d&rsquo;ambiance<\/h2>\n\n\n\n<p>\u27a5 Une \u00e9tude peut vous \u00eatre proposer pour cr\u00e9er le plus beau \u00e9clairage d&rsquo;ambiance (all\u00e9es, piscine, jardin, &#8230;)<br>\u27a5 Cr\u00e9ation et am\u00e9lioration d&rsquo;\u00e9clairage<\/p>\n\n\n\n<div class=\"wp-block-buttons is-content-justification-center is-layout-flex wp-container-core-buttons-is-layout-16018d1d wp-block-buttons-is-layout-flex\">\n<div class=\"wp-block-button\"><a class=\"wp-block-button__link wp-element-button\" href=\"https:\/\/berry-elec-technologie.com\/index.php\/electricite-generale\/\"><mark style=\"background-color:rgba(0, 0, 0, 0)\" class=\"has-inline-color has-white-color\">Voir plus<\/mark><\/a><\/div>\n<\/div>\n<\/div><figure class=\"wp-block-media-text__media\"><img decoding=\"async\" width=\"1024\" height=\"768\" src=\"http:\/\/berry-elec-technologie.com\/wp-content\/uploads\/2025\/08\/image00003-1024x768.jpeg\" alt=\"\" class=\"wp-image-446 size-full\" srcset=\"https:\/\/berry-elec-technologie.com\/wp-content\/uploads\/2025\/08\/image00003-1024x768.jpeg 1024w, https:\/\/berry-elec-technologie.com\/wp-content\/uploads\/2025\/08\/image00003-300x225.jpeg 300w, https:\/\/berry-elec-technologie.com\/wp-content\/uploads\/2025\/08\/image00003-768x576.jpeg 768w, https:\/\/berry-elec-technologie.com\/wp-content\/uploads\/2025\/08\/image00003-1536x1152.jpeg 1536w, https:\/\/berry-elec-technologie.com\/wp-content\/uploads\/2025\/08\/image00003-2048x1536.jpeg 2048w\" sizes=\"(max-width: 1024px) 100vw, 1024px\" \/><\/figure><\/div>\n\n\n\n<p><\/p>\n\n\n\n<div style=\"height:35px\" aria-hidden=\"true\" class=\"wp-block-spacer\"><\/div>\n\n\n\n<div class=\"wp-block-media-text is-stacked-on-mobile\" style=\"grid-template-columns:36% auto\"><figure class=\"wp-block-media-text__media\"><img decoding=\"async\" width=\"768\" height=\"1024\" src=\"http:\/\/berry-elec-technologie.com\/wp-content\/uploads\/2025\/08\/image00016-768x1024.jpeg\" alt=\"\" class=\"wp-image-451 size-full\" srcset=\"https:\/\/berry-elec-technologie.com\/wp-content\/uploads\/2025\/08\/image00016-768x1024.jpeg 768w, https:\/\/berry-elec-technologie.com\/wp-content\/uploads\/2025\/08\/image00016-225x300.jpeg 225w, https:\/\/berry-elec-technologie.com\/wp-content\/uploads\/2025\/08\/image00016-1152x1536.jpeg 1152w, https:\/\/berry-elec-technologie.com\/wp-content\/uploads\/2025\/08\/image00016-1536x2048.jpeg 1536w, https:\/\/berry-elec-technologie.com\/wp-content\/uploads\/2025\/08\/image00016-scaled.jpeg 1920w\" sizes=\"(max-width: 768px) 100vw, 768px\" \/><\/figure><div class=\"wp-block-media-text__content\">\n<h2 class=\"wp-block-heading\">Alarme et vid\u00e9o surveillance<\/h2>\n\n\n\n<p>Quoi de mieux pour \u00eatre en s\u00e9curit\u00e9 d&rsquo;opter pour un syst\u00e8me de s\u00e9curit\u00e9 professionnels. Ces cam\u00e9ras filment 24h\/24 et 7j\/7 avec 1 mois de stockage sur un serveur chez vous. M\u00eame en cas de pannes d&rsquo;\u00e9lectricit\u00e9 votre bien est surveill\u00e9. <\/p>\n\n\n\n<p>\u27a5 Etude pour un syst\u00e8me de vid\u00e9osurveillance et alarme anti-intrusion id\u00e9al pour chez vous<br>\u27a5 Installation et d\u00e9pannage syst\u00e8me d&rsquo;alarme anti-intrusion et vid\u00e9o surveillance particulier et professionnel.<br>\u27a5 Contr\u00f4le annuel de vos syst\u00e8me (option)<\/p>\n\n\n\n<div class=\"wp-block-buttons is-content-justification-center is-layout-flex wp-container-core-buttons-is-layout-16018d1d wp-block-buttons-is-layout-flex\">\n<div class=\"wp-block-button\"><a class=\"wp-block-button__link wp-element-button\" href=\"https:\/\/berry-elec-technologie.com\/index.php\/alarme-et-videosurveillance\/\"><mark style=\"background-color:rgba(0, 0, 0, 0)\" class=\"has-inline-color has-white-color\">Voir plus<\/mark><\/a><\/div>\n<\/div>\n<\/div><\/div>\n\n\n\n<div style=\"height:23px\" aria-hidden=\"true\" class=\"wp-block-spacer\"><\/div>\n\n\n\n<div class=\"wp-block-media-text has-media-on-the-right is-stacked-on-mobile\" style=\"grid-template-columns:auto 44%\"><div class=\"wp-block-media-text__content\">\n<h2 class=\"wp-block-heading\">Panneaux Photovolta\u00efques<\/h2>\n\n\n\n<p>Vous voulez baisser vos factures d&rsquo;\u00e9lectricit\u00e9 ? Pourquoi pas install\u00e9 des panneaux solaires ?<br>Berry Elec Technologie propose la production solaire avec des panneaux au sol ou si vous voulez + de productivit\u00e9 (environ +30%) un syst\u00e8me de mini-tracker avec suivi du soleil tout le long de la journ\u00e9e.<\/p>\n\n\n\n<p>\u27a5 Etude pour un syst\u00e8me id\u00e9al pour votre consommation d&rsquo;\u00e9lectricit\u00e9<br>\u27a5 Installation de panneaux photovolta\u00efques<br>\u27a5 Installation de syst\u00e8me de suivi du soleil avec mini-tracker (3 panneaux de 500Wc\/tracker)<\/p>\n<\/div><figure class=\"wp-block-media-text__media\"><img loading=\"lazy\" decoding=\"async\" width=\"1024\" height=\"768\" src=\"http:\/\/berry-elec-technologie.com\/wp-content\/uploads\/2025\/08\/image00038-1024x768.jpeg\" alt=\"\" class=\"wp-image-458 size-full\" srcset=\"https:\/\/berry-elec-technologie.com\/wp-content\/uploads\/2025\/08\/image00038-1024x768.jpeg 1024w, https:\/\/berry-elec-technologie.com\/wp-content\/uploads\/2025\/08\/image00038-300x225.jpeg 300w, https:\/\/berry-elec-technologie.com\/wp-content\/uploads\/2025\/08\/image00038-768x576.jpeg 768w, https:\/\/berry-elec-technologie.com\/wp-content\/uploads\/2025\/08\/image00038-1536x1152.jpeg 1536w, https:\/\/berry-elec-technologie.com\/wp-content\/uploads\/2025\/08\/image00038-2048x1536.jpeg 2048w\" sizes=\"(max-width: 1024px) 100vw, 1024px\" \/><\/figure><\/div>\n\n\n\n<div style=\"height:35px\" aria-hidden=\"true\" class=\"wp-block-spacer\"><\/div>\n\n\n\n<div class=\"wp-block-buttons is-content-justification-center is-layout-flex wp-container-core-buttons-is-layout-16018d1d wp-block-buttons-is-layout-flex\">\n<div class=\"wp-block-button\"><a class=\"wp-block-button__link wp-element-button\" href=\"https:\/\/berry-elec-technologie.com\/index.php\/contact\"><mark style=\"background-color:rgba(0, 0, 0, 0)\" class=\"has-inline-color has-white-color\">Nous contacter pour plus de renseignement ?<\/mark><\/a><\/div>\n<\/div>\n\n\n\n<div style=\"height:47px\" aria-hidden=\"true\" class=\"wp-block-spacer\"><\/div>\n\n\n\n<h2 class=\"wp-block-heading has-text-align-center\">Les marques propos\u00e9es :<\/h2>\n\n\n\n\t<div class=\"slideshow_container slideshow_container_style-light\" data-slideshow-id=\"398\" data-style-name=\"style-light\" data-style-version=\"2.5.20\">\n\t\t<div class=\"slideshow_loading_icon\"><\/div>\n\t\t<div class=\"slideshow_content\">\n\t\t\t<div class=\"slideshow_view\">\n\t\t\t\t<div class=\"slideshow_slide slideshow_slide_image\">\n\t\t\t\t\t\t\t\t\t\t\t<img loading=\"lazy\" decoding=\"async\" src=\"https:\/\/berry-elec-technologie.com\/wp-content\/uploads\/2026\/02\/SU.PA_BIG-8cd10b23.png\" alt=\"SU.PA_BIG-8cd10b23\" width=\"1554\" height=\"459\" \/>\n\t\t\t\t\t\t\t\t\t\t<div class=\"slideshow_description_box slideshow_transparent\">\n\t\t\t\t\t\t<div class=\"slideshow_title\">SU.PA_BIG-8cd10b23<\/div>\t\t\t\t\t\t\t\t\t\t\t<\/div>\n\t\t\t\t<\/div>\n\n\t\t\t\t\t\t\n\t\t\t\t<div class=\"slideshow_slide slideshow_slide_image\">\n\t\t\t\t\t\t\t\t\t\t\t<img loading=\"lazy\" decoding=\"async\" src=\"https:\/\/berry-elec-technologie.com\/wp-content\/uploads\/2026\/02\/legrand-min.png\" alt=\"legrand-min\" width=\"600\" height=\"200\" \/>\n\t\t\t\t\t\t\t\t\t\t<div class=\"slideshow_description_box slideshow_transparent\">\n\t\t\t\t\t\t<div class=\"slideshow_title\">legrand-min<\/div>\t\t\t\t\t\t\t\t\t\t\t<\/div>\n\t\t\t\t<\/div>\n\n\t\t\t\t\t\t\n\t\t\t\t<div class=\"slideshow_slide slideshow_slide_image\">\n\t\t\t\t\t\t\t\t\t\t\t<img loading=\"lazy\" decoding=\"async\" src=\"https:\/\/berry-elec-technologie.com\/wp-content\/uploads\/2026\/02\/Hoymiles_logo.png\" alt=\"Hoymiles_logo\" width=\"949\" height=\"283\" \/>\n\t\t\t\t\t\t\t\t\t\t<div class=\"slideshow_description_box slideshow_transparent\">\n\t\t\t\t\t\t<div class=\"slideshow_title\">Hoymiles_logo<\/div>\t\t\t\t\t\t\t\t\t\t\t<\/div>\n\t\t\t\t<\/div>\n\n\t\t\t\t\t\t\n\t\t\t\t<div class=\"slideshow_slide slideshow_slide_image\">\n\t\t\t\t\t\t\t\t\t\t\t<img loading=\"lazy\" decoding=\"async\" src=\"https:\/\/berry-elec-technologie.com\/wp-content\/uploads\/2026\/02\/4d3d477760802200e1425386d7d80494af366572.png\" alt=\"4d3d477760802200e1425386d7d80494af366572\" width=\"316\" height=\"140\" \/>\n\t\t\t\t\t\t\t\t\t\t<div class=\"slideshow_description_box slideshow_transparent\">\n\t\t\t\t\t\t<div class=\"slideshow_title\">4d3d477760802200e1425386d7d80494af366572<\/div>\t\t\t\t\t\t\t\t\t\t\t<\/div>\n\t\t\t\t<\/div>\n\n\t\t\t\t\t\t\t\t\t<\/div>\n\t\t\t<div class=\"slideshow_view\">\n\t\t\t\t<div class=\"slideshow_slide slideshow_slide_image\">\n\t\t\t\t\t\t\t\t\t\t\t<img loading=\"lazy\" decoding=\"async\" src=\"https:\/\/berry-elec-technologie.com\/wp-content\/uploads\/2026\/02\/Marstek-Power-safe-reviews-icon.png.webp\" alt=\"Marstek Power-safe-reviews-icon.png\" width=\"822\" height=\"348\" \/>\n\t\t\t\t\t\t\t\t\t\t<div class=\"slideshow_description_box slideshow_transparent\">\n\t\t\t\t\t\t<div class=\"slideshow_title\">Marstek Power-safe-reviews-icon.png<\/div>\t\t\t\t\t\t\t\t\t\t\t<\/div>\n\t\t\t\t<\/div>\n\n\t\t\t\t\t\t\n\t\t\t\t<div class=\"slideshow_slide slideshow_slide_image\">\n\t\t\t\t\t\t\t\t\t\t\t<img loading=\"lazy\" decoding=\"async\" src=\"https:\/\/berry-elec-technologie.com\/wp-content\/uploads\/2026\/02\/hikvision-logo-png_seeklogo-223929-e1770232439298.png\" alt=\"hikvision-logo-png_seeklogo-223929\" width=\"320\" height=\"102\" \/>\n\t\t\t\t\t\t\t\t\t\t<div class=\"slideshow_description_box slideshow_transparent\">\n\t\t\t\t\t\t<div class=\"slideshow_title\">hikvision-logo-png_seeklogo-223929<\/div>\t\t\t\t\t\t\t\t\t\t\t<\/div>\n\t\t\t\t<\/div>\n\n\t\t\t\t\t\t\n\t\t\t\t<div class=\"slideshow_slide slideshow_slide_image\">\n\t\t\t\t\t\t\t\t\t\t\t<img loading=\"lazy\" decoding=\"async\" src=\"https:\/\/berry-elec-technologie.com\/wp-content\/uploads\/2026\/02\/dah1-e1770232592255.png\" alt=\"dah1\" width=\"420\" height=\"181\" \/>\n\t\t\t\t\t\t\t\t\t\t<div class=\"slideshow_description_box slideshow_transparent\">\n\t\t\t\t\t\t<div class=\"slideshow_title\">dah1<\/div>\t\t\t\t\t\t\t\t\t\t\t<\/div>\n\t\t\t\t<\/div>\n\n\t\t\t\t\t\t\n\t\t\t\t<div class=\"slideshow_slide slideshow_slide_image\">\n\t\t\t\t\t\t\t\t\t\t\t<img loading=\"lazy\" decoding=\"async\" src=\"https:\/\/berry-elec-technologie.com\/wp-content\/uploads\/2026\/02\/Ajax_Systems_logo.jpg\" alt=\"Ajax_Systems_logo\" width=\"350\" height=\"150\" \/>\n\t\t\t\t\t\t\t\t\t\t<div class=\"slideshow_description_box slideshow_transparent\">\n\t\t\t\t\t\t<div class=\"slideshow_title\">Ajax_Systems_logo<\/div>\t\t\t\t\t\t\t\t\t\t\t<\/div>\n\t\t\t\t<\/div>\n\n\t\t\t\t\t\t\t\t\t<\/div>\n\t\t<\/div>\n\t\t<div class=\"slideshow_controlPanel slideshow_transparent\"><ul><li class=\"slideshow_togglePlay\" data-play-text=\"Lecture\" data-pause-text=\"Pause\"><\/li><\/ul><\/div>\n\t\t<div class=\"slideshow_button slideshow_previous slideshow_transparent\" role=\"button\" data-previous-text=\"Pr\u00e9c\u00e9dente\"><\/div>\n\t\t<div class=\"slideshow_button slideshow_next slideshow_transparent\" role=\"button\" data-next-text=\"Suivante\"><\/div>\n\t\t<div class=\"slideshow_pagination\" data-go-to-text=\"Aller \u00e0 la diapositive\"><div class=\"slideshow_pagination_center\"><\/div><\/div>\n\t<\/div>\n\n\n\n\n<div style=\"height:35px\" aria-hidden=\"true\" class=\"wp-block-spacer\"><\/div>\n\n\n\n<details class=\"wp-block-details is-layout-flow wp-block-details-is-layout-flow\"><summary>Nous contacter<\/summary>\n<p>T\u00e9l : <a href=\"tel:0743538715\">07 43 53 87 15<\/a><br>mail : <a href=\"mailto:contact@berry-elec-technologie.com\">contact@berry-elec-technologie.com<\/a><\/p>\n<\/details>\n","protected":false},"excerpt":{"rendered":"<p>Panneaux Photovolta\u00efques Vous voulez baisser vos factures d&rsquo;\u00e9lectricit\u00e9 ? Pourquoi pas install\u00e9 des panneaux solaires ?Berry Elec Technologie propose la production solaire avec des panneaux &hellip; <\/p>\n","protected":false},"author":1,"featured_media":0,"parent":0,"menu_order":0,"comment_status":"closed","ping_status":"closed","template":"","meta":{"footnotes":""},"class_list":["post-402","page","type-page","status-publish","hentry"],"_links":{"self":[{"href":"https:\/\/berry-elec-technologie.com\/index.php\/wp-json\/wp\/v2\/pages\/402","targetHints":{"allow":["GET"]}}],"collection":[{"href":"https:\/\/berry-elec-technologie.com\/index.php\/wp-json\/wp\/v2\/pages"}],"about":[{"href":"https:\/\/berry-elec-technologie.com\/index.php\/wp-json\/wp\/v2\/types\/page"}],"author":[{"embeddable":true,"href":"https:\/\/berry-elec-technologie.com\/index.php\/wp-json\/wp\/v2\/users\/1"}],"replies":[{"embeddable":true,"href":"https:\/\/berry-elec-technologie.com\/index.php\/wp-json\/wp\/v2\/comments?post=402"}],"version-history":[{"count":25,"href":"https:\/\/berry-elec-technologie.com\/index.php\/wp-json\/wp\/v2\/pages\/402\/revisions"}],"predecessor-version":[{"id":567,"href":"https:\/\/berry-elec-technologie.com\/index.php\/wp-json\/wp\/v2\/pages\/402\/revisions\/567"}],"wp:attachment":[{"href":"https:\/\/berry-elec-technologie.com\/index.php\/wp-json\/wp\/v2\/media?parent=402"}],"curies":[{"name":"wp","href":"https:\/\/api.w.org\/{rel}","templated":true}]}}