{"id":404,"date":"2025-08-09T16:32:15","date_gmt":"2025-08-09T16:32:15","guid":{"rendered":"https:\/\/berry-elec-technologie.com\/?page_id=404"},"modified":"2025-08-09T21:17:09","modified_gmt":"2025-08-09T20:17:09","slug":"realisation","status":"publish","type":"page","link":"https:\/\/berry-elec-technologie.com\/index.php\/realisation\/","title":{"rendered":"R\u00e9alisation"},"content":{"rendered":"\n<div style=\"height:51px\" aria-hidden=\"true\" class=\"wp-block-spacer\"><\/div>\n\n\n\n<p class=\"has-text-align-center\"><strong>Electricit\u00e9 G\u00e9n\u00e9rale :<\/strong><\/p>\n\n\n\n<figure class=\"wp-block-gallery has-nested-images columns-default is-cropped wp-block-gallery-1 is-layout-flex wp-block-gallery-is-layout-flex\">\n<figure data-wp-context=\"{&quot;imageId&quot;:&quot;69e17eac5e8b1&quot;}\" data-wp-interactive=\"core\/image\" data-wp-key=\"69e17eac5e8b1\" class=\"wp-block-image size-large wp-lightbox-container\"><img fetchpriority=\"high\" decoding=\"async\" width=\"1024\" height=\"768\" data-wp-class--hide=\"state.isContentHidden\" data-wp-class--show=\"state.isContentVisible\" data-wp-init=\"callbacks.setButtonStyles\" data-wp-on--click=\"actions.showLightbox\" data-wp-on--load=\"callbacks.setButtonStyles\" data-wp-on-window--resize=\"callbacks.setButtonStyles\" data-id=\"461\" src=\"https:\/\/berry-elec-technologie.com\/wp-content\/uploads\/2025\/08\/image00014-1024x768.jpeg\" alt=\"\" class=\"wp-image-461\" srcset=\"https:\/\/berry-elec-technologie.com\/wp-content\/uploads\/2025\/08\/image00014-1024x768.jpeg 1024w, https:\/\/berry-elec-technologie.com\/wp-content\/uploads\/2025\/08\/image00014-300x225.jpeg 300w, https:\/\/berry-elec-technologie.com\/wp-content\/uploads\/2025\/08\/image00014-768x576.jpeg 768w, https:\/\/berry-elec-technologie.com\/wp-content\/uploads\/2025\/08\/image00014-1536x1152.jpeg 1536w, https:\/\/berry-elec-technologie.com\/wp-content\/uploads\/2025\/08\/image00014-2048x1536.jpeg 2048w\" sizes=\"(max-width: 1024px) 100vw, 1024px\" \/><button\n\t\t\tclass=\"lightbox-trigger\"\n\t\t\ttype=\"button\"\n\t\t\taria-haspopup=\"dialog\"\n\t\t\taria-label=\"Agrandir\"\n\t\t\tdata-wp-init=\"callbacks.initTriggerButton\"\n\t\t\tdata-wp-on--click=\"actions.showLightbox\"\n\t\t\tdata-wp-style--right=\"state.imageButtonRight\"\n\t\t\tdata-wp-style--top=\"state.imageButtonTop\"\n\t\t>\n\t\t\t<svg xmlns=\"http:\/\/www.w3.org\/2000\/svg\" width=\"12\" height=\"12\" fill=\"none\" viewBox=\"0 0 12 12\">\n\t\t\t\t<path fill=\"#fff\" d=\"M2 0a2 2 0 0 0-2 2v2h1.5V2a.5.5 0 0 1 .5-.5h2V0H2Zm2 10.5H2a.5.5 0 0 1-.5-.5V8H0v2a2 2 0 0 0 2 2h2v-1.5ZM8 12v-1.5h2a.5.5 0 0 0 .5-.5V8H12v2a2 2 0 0 1-2 2H8Zm2-12a2 2 0 0 1 2 2v2h-1.5V2a.5.5 0 0 0-.5-.5H8V0h2Z\" \/>\n\t\t\t<\/svg>\n\t\t<\/button><figcaption class=\"wp-element-caption\">Tableau \u00e9lectrique \u00e9tanche pour local<\/figcaption><\/figure>\n\n\n\n<figure data-wp-context=\"{&quot;imageId&quot;:&quot;69e17eac5ecf4&quot;}\" data-wp-interactive=\"core\/image\" data-wp-key=\"69e17eac5ecf4\" class=\"wp-block-image size-large wp-lightbox-container\"><img decoding=\"async\" width=\"768\" height=\"1024\" data-wp-class--hide=\"state.isContentHidden\" data-wp-class--show=\"state.isContentVisible\" data-wp-init=\"callbacks.setButtonStyles\" data-wp-on--click=\"actions.showLightbox\" data-wp-on--load=\"callbacks.setButtonStyles\" data-wp-on-window--resize=\"callbacks.setButtonStyles\" data-id=\"440\" src=\"https:\/\/berry-elec-technologie.com\/wp-content\/uploads\/2025\/08\/image00034-768x1024.jpeg\" alt=\"\" class=\"wp-image-440\" srcset=\"https:\/\/berry-elec-technologie.com\/wp-content\/uploads\/2025\/08\/image00034-768x1024.jpeg 768w, https:\/\/berry-elec-technologie.com\/wp-content\/uploads\/2025\/08\/image00034-225x300.jpeg 225w, https:\/\/berry-elec-technologie.com\/wp-content\/uploads\/2025\/08\/image00034-1152x1536.jpeg 1152w, https:\/\/berry-elec-technologie.com\/wp-content\/uploads\/2025\/08\/image00034-1536x2048.jpeg 1536w, https:\/\/berry-elec-technologie.com\/wp-content\/uploads\/2025\/08\/image00034-scaled.jpeg 1920w\" sizes=\"(max-width: 768px) 100vw, 768px\" \/><button\n\t\t\tclass=\"lightbox-trigger\"\n\t\t\ttype=\"button\"\n\t\t\taria-haspopup=\"dialog\"\n\t\t\taria-label=\"Agrandir\"\n\t\t\tdata-wp-init=\"callbacks.initTriggerButton\"\n\t\t\tdata-wp-on--click=\"actions.showLightbox\"\n\t\t\tdata-wp-style--right=\"state.imageButtonRight\"\n\t\t\tdata-wp-style--top=\"state.imageButtonTop\"\n\t\t>\n\t\t\t<svg xmlns=\"http:\/\/www.w3.org\/2000\/svg\" width=\"12\" height=\"12\" fill=\"none\" viewBox=\"0 0 12 12\">\n\t\t\t\t<path fill=\"#fff\" d=\"M2 0a2 2 0 0 0-2 2v2h1.5V2a.5.5 0 0 1 .5-.5h2V0H2Zm2 10.5H2a.5.5 0 0 1-.5-.5V8H0v2a2 2 0 0 0 2 2h2v-1.5ZM8 12v-1.5h2a.5.5 0 0 0 .5-.5V8H12v2a2 2 0 0 1-2 2H8Zm2-12a2 2 0 0 1 2 2v2h-1.5V2a.5.5 0 0 0-.5-.5H8V0h2Z\" \/>\n\t\t\t<\/svg>\n\t\t<\/button><figcaption class=\"wp-element-caption\">Remplacement d&rsquo;un vieux tableau \u00e9lectrique<\/figcaption><\/figure>\n\n\n\n<figure data-wp-context=\"{&quot;imageId&quot;:&quot;69e17eac5f094&quot;}\" data-wp-interactive=\"core\/image\" data-wp-key=\"69e17eac5f094\" class=\"wp-block-image size-large wp-lightbox-container\"><img decoding=\"async\" width=\"768\" height=\"1024\" data-wp-class--hide=\"state.isContentHidden\" data-wp-class--show=\"state.isContentVisible\" data-wp-init=\"callbacks.setButtonStyles\" data-wp-on--click=\"actions.showLightbox\" data-wp-on--load=\"callbacks.setButtonStyles\" data-wp-on-window--resize=\"callbacks.setButtonStyles\" data-id=\"442\" src=\"https:\/\/berry-elec-technologie.com\/wp-content\/uploads\/2025\/08\/image00006-768x1024.jpeg\" alt=\"\" class=\"wp-image-442\" srcset=\"https:\/\/berry-elec-technologie.com\/wp-content\/uploads\/2025\/08\/image00006-768x1024.jpeg 768w, https:\/\/berry-elec-technologie.com\/wp-content\/uploads\/2025\/08\/image00006-225x300.jpeg 225w, https:\/\/berry-elec-technologie.com\/wp-content\/uploads\/2025\/08\/image00006-1152x1536.jpeg 1152w, https:\/\/berry-elec-technologie.com\/wp-content\/uploads\/2025\/08\/image00006-1536x2048.jpeg 1536w, https:\/\/berry-elec-technologie.com\/wp-content\/uploads\/2025\/08\/image00006-scaled.jpeg 1920w\" sizes=\"(max-width: 768px) 100vw, 768px\" \/><button\n\t\t\tclass=\"lightbox-trigger\"\n\t\t\ttype=\"button\"\n\t\t\taria-haspopup=\"dialog\"\n\t\t\taria-label=\"Agrandir\"\n\t\t\tdata-wp-init=\"callbacks.initTriggerButton\"\n\t\t\tdata-wp-on--click=\"actions.showLightbox\"\n\t\t\tdata-wp-style--right=\"state.imageButtonRight\"\n\t\t\tdata-wp-style--top=\"state.imageButtonTop\"\n\t\t>\n\t\t\t<svg xmlns=\"http:\/\/www.w3.org\/2000\/svg\" width=\"12\" height=\"12\" fill=\"none\" viewBox=\"0 0 12 12\">\n\t\t\t\t<path fill=\"#fff\" d=\"M2 0a2 2 0 0 0-2 2v2h1.5V2a.5.5 0 0 1 .5-.5h2V0H2Zm2 10.5H2a.5.5 0 0 1-.5-.5V8H0v2a2 2 0 0 0 2 2h2v-1.5ZM8 12v-1.5h2a.5.5 0 0 0 .5-.5V8H12v2a2 2 0 0 1-2 2H8Zm2-12a2 2 0 0 1 2 2v2h-1.5V2a.5.5 0 0 0-.5-.5H8V0h2Z\" \/>\n\t\t\t<\/svg>\n\t\t<\/button><figcaption class=\"wp-element-caption\">Tableau \u00e9lectrique pour maison neuve<\/figcaption><\/figure>\n<\/figure>\n\n\n\n<figure class=\"wp-block-gallery has-nested-images columns-default is-cropped wp-block-gallery-2 is-layout-flex wp-block-gallery-is-layout-flex\">\n<figure data-wp-context=\"{&quot;imageId&quot;:&quot;69e17eac5f7e9&quot;}\" data-wp-interactive=\"core\/image\" data-wp-key=\"69e17eac5f7e9\" class=\"wp-block-image size-large wp-lightbox-container\"><img loading=\"lazy\" decoding=\"async\" width=\"1024\" height=\"768\" data-wp-class--hide=\"state.isContentHidden\" data-wp-class--show=\"state.isContentVisible\" data-wp-init=\"callbacks.setButtonStyles\" data-wp-on--click=\"actions.showLightbox\" data-wp-on--load=\"callbacks.setButtonStyles\" data-wp-on-window--resize=\"callbacks.setButtonStyles\" data-id=\"444\" src=\"https:\/\/berry-elec-technologie.com\/wp-content\/uploads\/2025\/08\/image00031-1024x768.jpeg\" alt=\"\" class=\"wp-image-444\" srcset=\"https:\/\/berry-elec-technologie.com\/wp-content\/uploads\/2025\/08\/image00031-1024x768.jpeg 1024w, https:\/\/berry-elec-technologie.com\/wp-content\/uploads\/2025\/08\/image00031-300x225.jpeg 300w, https:\/\/berry-elec-technologie.com\/wp-content\/uploads\/2025\/08\/image00031-768x576.jpeg 768w, https:\/\/berry-elec-technologie.com\/wp-content\/uploads\/2025\/08\/image00031-1536x1152.jpeg 1536w, https:\/\/berry-elec-technologie.com\/wp-content\/uploads\/2025\/08\/image00031-2048x1536.jpeg 2048w\" sizes=\"(max-width: 1024px) 100vw, 1024px\" \/><button\n\t\t\tclass=\"lightbox-trigger\"\n\t\t\ttype=\"button\"\n\t\t\taria-haspopup=\"dialog\"\n\t\t\taria-label=\"Agrandir\"\n\t\t\tdata-wp-init=\"callbacks.initTriggerButton\"\n\t\t\tdata-wp-on--click=\"actions.showLightbox\"\n\t\t\tdata-wp-style--right=\"state.imageButtonRight\"\n\t\t\tdata-wp-style--top=\"state.imageButtonTop\"\n\t\t>\n\t\t\t<svg xmlns=\"http:\/\/www.w3.org\/2000\/svg\" width=\"12\" height=\"12\" fill=\"none\" viewBox=\"0 0 12 12\">\n\t\t\t\t<path fill=\"#fff\" d=\"M2 0a2 2 0 0 0-2 2v2h1.5V2a.5.5 0 0 1 .5-.5h2V0H2Zm2 10.5H2a.5.5 0 0 1-.5-.5V8H0v2a2 2 0 0 0 2 2h2v-1.5ZM8 12v-1.5h2a.5.5 0 0 0 .5-.5V8H12v2a2 2 0 0 1-2 2H8Zm2-12a2 2 0 0 1 2 2v2h-1.5V2a.5.5 0 0 0-.5-.5H8V0h2Z\" \/>\n\t\t\t<\/svg>\n\t\t<\/button><figcaption class=\"wp-element-caption\">Eclairage automatis\u00e9 au dessus de chaque ouverture<\/figcaption><\/figure>\n\n\n\n<figure data-wp-context=\"{&quot;imageId&quot;:&quot;69e17eac5fb9d&quot;}\" data-wp-interactive=\"core\/image\" data-wp-key=\"69e17eac5fb9d\" class=\"wp-block-image size-large wp-lightbox-container\"><img loading=\"lazy\" decoding=\"async\" width=\"1024\" height=\"768\" data-wp-class--hide=\"state.isContentHidden\" data-wp-class--show=\"state.isContentVisible\" data-wp-init=\"callbacks.setButtonStyles\" data-wp-on--click=\"actions.showLightbox\" data-wp-on--load=\"callbacks.setButtonStyles\" data-wp-on-window--resize=\"callbacks.setButtonStyles\" data-id=\"446\" src=\"https:\/\/berry-elec-technologie.com\/wp-content\/uploads\/2025\/08\/image00003-1024x768.jpeg\" alt=\"\" class=\"wp-image-446\" srcset=\"https:\/\/berry-elec-technologie.com\/wp-content\/uploads\/2025\/08\/image00003-1024x768.jpeg 1024w, https:\/\/berry-elec-technologie.com\/wp-content\/uploads\/2025\/08\/image00003-300x225.jpeg 300w, https:\/\/berry-elec-technologie.com\/wp-content\/uploads\/2025\/08\/image00003-768x576.jpeg 768w, https:\/\/berry-elec-technologie.com\/wp-content\/uploads\/2025\/08\/image00003-1536x1152.jpeg 1536w, https:\/\/berry-elec-technologie.com\/wp-content\/uploads\/2025\/08\/image00003-2048x1536.jpeg 2048w\" sizes=\"(max-width: 1024px) 100vw, 1024px\" \/><button\n\t\t\tclass=\"lightbox-trigger\"\n\t\t\ttype=\"button\"\n\t\t\taria-haspopup=\"dialog\"\n\t\t\taria-label=\"Agrandir\"\n\t\t\tdata-wp-init=\"callbacks.initTriggerButton\"\n\t\t\tdata-wp-on--click=\"actions.showLightbox\"\n\t\t\tdata-wp-style--right=\"state.imageButtonRight\"\n\t\t\tdata-wp-style--top=\"state.imageButtonTop\"\n\t\t>\n\t\t\t<svg xmlns=\"http:\/\/www.w3.org\/2000\/svg\" width=\"12\" height=\"12\" fill=\"none\" viewBox=\"0 0 12 12\">\n\t\t\t\t<path fill=\"#fff\" d=\"M2 0a2 2 0 0 0-2 2v2h1.5V2a.5.5 0 0 1 .5-.5h2V0H2Zm2 10.5H2a.5.5 0 0 1-.5-.5V8H0v2a2 2 0 0 0 2 2h2v-1.5ZM8 12v-1.5h2a.5.5 0 0 0 .5-.5V8H12v2a2 2 0 0 1-2 2H8Zm2-12a2 2 0 0 1 2 2v2h-1.5V2a.5.5 0 0 0-.5-.5H8V0h2Z\" \/>\n\t\t\t<\/svg>\n\t\t<\/button><figcaption class=\"wp-element-caption\">Eclairage d&rsquo;ambiance autour d&rsquo;une piscine<\/figcaption><\/figure>\n<\/figure>\n\n\n\n<div style=\"height:100px\" aria-hidden=\"true\" class=\"wp-block-spacer\"><\/div>\n\n\n\n<p class=\"has-text-align-center\"><strong>Alarme, Vid\u00e9osurveillance et domotique :<\/strong><\/p>\n\n\n\n<figure class=\"wp-block-gallery has-nested-images columns-default is-cropped wp-block-gallery-3 is-layout-flex wp-block-gallery-is-layout-flex\">\n<figure data-wp-context=\"{&quot;imageId&quot;:&quot;69e17eac5fff7&quot;}\" data-wp-interactive=\"core\/image\" data-wp-key=\"69e17eac5fff7\" class=\"wp-block-image size-large wp-lightbox-container\"><img loading=\"lazy\" decoding=\"async\" width=\"768\" height=\"1024\" data-wp-class--hide=\"state.isContentHidden\" data-wp-class--show=\"state.isContentVisible\" data-wp-init=\"callbacks.setButtonStyles\" data-wp-on--click=\"actions.showLightbox\" data-wp-on--load=\"callbacks.setButtonStyles\" data-wp-on-window--resize=\"callbacks.setButtonStyles\" data-id=\"451\" src=\"https:\/\/berry-elec-technologie.com\/wp-content\/uploads\/2025\/08\/image00016-768x1024.jpeg\" alt=\"\" class=\"wp-image-451\" srcset=\"https:\/\/berry-elec-technologie.com\/wp-content\/uploads\/2025\/08\/image00016-768x1024.jpeg 768w, https:\/\/berry-elec-technologie.com\/wp-content\/uploads\/2025\/08\/image00016-225x300.jpeg 225w, https:\/\/berry-elec-technologie.com\/wp-content\/uploads\/2025\/08\/image00016-1152x1536.jpeg 1152w, https:\/\/berry-elec-technologie.com\/wp-content\/uploads\/2025\/08\/image00016-1536x2048.jpeg 1536w, https:\/\/berry-elec-technologie.com\/wp-content\/uploads\/2025\/08\/image00016-scaled.jpeg 1920w\" sizes=\"(max-width: 768px) 100vw, 768px\" \/><button\n\t\t\tclass=\"lightbox-trigger\"\n\t\t\ttype=\"button\"\n\t\t\taria-haspopup=\"dialog\"\n\t\t\taria-label=\"Agrandir\"\n\t\t\tdata-wp-init=\"callbacks.initTriggerButton\"\n\t\t\tdata-wp-on--click=\"actions.showLightbox\"\n\t\t\tdata-wp-style--right=\"state.imageButtonRight\"\n\t\t\tdata-wp-style--top=\"state.imageButtonTop\"\n\t\t>\n\t\t\t<svg xmlns=\"http:\/\/www.w3.org\/2000\/svg\" width=\"12\" height=\"12\" fill=\"none\" viewBox=\"0 0 12 12\">\n\t\t\t\t<path fill=\"#fff\" d=\"M2 0a2 2 0 0 0-2 2v2h1.5V2a.5.5 0 0 1 .5-.5h2V0H2Zm2 10.5H2a.5.5 0 0 1-.5-.5V8H0v2a2 2 0 0 0 2 2h2v-1.5ZM8 12v-1.5h2a.5.5 0 0 0 .5-.5V8H12v2a2 2 0 0 1-2 2H8Zm2-12a2 2 0 0 1 2 2v2h-1.5V2a.5.5 0 0 0-.5-.5H8V0h2Z\" \/>\n\t\t\t<\/svg>\n\t\t<\/button><figcaption class=\"wp-element-caption\">2 Cam\u00e9ras de surveillance pour surveiller 2 endroits a la fois<\/figcaption><\/figure>\n\n\n\n<figure data-wp-context=\"{&quot;imageId&quot;:&quot;69e17eac603c1&quot;}\" data-wp-interactive=\"core\/image\" data-wp-key=\"69e17eac603c1\" class=\"wp-block-image size-large wp-lightbox-container\"><img loading=\"lazy\" decoding=\"async\" width=\"768\" height=\"1024\" data-wp-class--hide=\"state.isContentHidden\" data-wp-class--show=\"state.isContentVisible\" data-wp-init=\"callbacks.setButtonStyles\" data-wp-on--click=\"actions.showLightbox\" data-wp-on--load=\"callbacks.setButtonStyles\" data-wp-on-window--resize=\"callbacks.setButtonStyles\" data-id=\"449\" src=\"https:\/\/berry-elec-technologie.com\/wp-content\/uploads\/2025\/08\/image00011-768x1024.jpeg\" alt=\"\" class=\"wp-image-449\" srcset=\"https:\/\/berry-elec-technologie.com\/wp-content\/uploads\/2025\/08\/image00011-768x1024.jpeg 768w, https:\/\/berry-elec-technologie.com\/wp-content\/uploads\/2025\/08\/image00011-225x300.jpeg 225w, https:\/\/berry-elec-technologie.com\/wp-content\/uploads\/2025\/08\/image00011-1152x1536.jpeg 1152w, https:\/\/berry-elec-technologie.com\/wp-content\/uploads\/2025\/08\/image00011-1536x2048.jpeg 1536w, https:\/\/berry-elec-technologie.com\/wp-content\/uploads\/2025\/08\/image00011-scaled.jpeg 1920w\" sizes=\"(max-width: 768px) 100vw, 768px\" \/><button\n\t\t\tclass=\"lightbox-trigger\"\n\t\t\ttype=\"button\"\n\t\t\taria-haspopup=\"dialog\"\n\t\t\taria-label=\"Agrandir\"\n\t\t\tdata-wp-init=\"callbacks.initTriggerButton\"\n\t\t\tdata-wp-on--click=\"actions.showLightbox\"\n\t\t\tdata-wp-style--right=\"state.imageButtonRight\"\n\t\t\tdata-wp-style--top=\"state.imageButtonTop\"\n\t\t>\n\t\t\t<svg xmlns=\"http:\/\/www.w3.org\/2000\/svg\" width=\"12\" height=\"12\" fill=\"none\" viewBox=\"0 0 12 12\">\n\t\t\t\t<path fill=\"#fff\" d=\"M2 0a2 2 0 0 0-2 2v2h1.5V2a.5.5 0 0 1 .5-.5h2V0H2Zm2 10.5H2a.5.5 0 0 1-.5-.5V8H0v2a2 2 0 0 0 2 2h2v-1.5ZM8 12v-1.5h2a.5.5 0 0 0 .5-.5V8H12v2a2 2 0 0 1-2 2H8Zm2-12a2 2 0 0 1 2 2v2h-1.5V2a.5.5 0 0 0-.5-.5H8V0h2Z\" \/>\n\t\t\t<\/svg>\n\t\t<\/button><figcaption class=\"wp-element-caption\">Angle de vision de 100\u00b0<\/figcaption><\/figure>\n\n\n\n<figure data-wp-context=\"{&quot;imageId&quot;:&quot;69e17eac60742&quot;}\" data-wp-interactive=\"core\/image\" data-wp-key=\"69e17eac60742\" class=\"wp-block-image size-large wp-lightbox-container\"><img loading=\"lazy\" decoding=\"async\" width=\"768\" height=\"1024\" data-wp-class--hide=\"state.isContentHidden\" data-wp-class--show=\"state.isContentVisible\" data-wp-init=\"callbacks.setButtonStyles\" data-wp-on--click=\"actions.showLightbox\" data-wp-on--load=\"callbacks.setButtonStyles\" data-wp-on-window--resize=\"callbacks.setButtonStyles\" data-id=\"452\" src=\"https:\/\/berry-elec-technologie.com\/wp-content\/uploads\/2025\/08\/image00019-768x1024.jpeg\" alt=\"\" class=\"wp-image-452\" srcset=\"https:\/\/berry-elec-technologie.com\/wp-content\/uploads\/2025\/08\/image00019-768x1024.jpeg 768w, https:\/\/berry-elec-technologie.com\/wp-content\/uploads\/2025\/08\/image00019-225x300.jpeg 225w, https:\/\/berry-elec-technologie.com\/wp-content\/uploads\/2025\/08\/image00019-1152x1536.jpeg 1152w, https:\/\/berry-elec-technologie.com\/wp-content\/uploads\/2025\/08\/image00019-1536x2048.jpeg 1536w, https:\/\/berry-elec-technologie.com\/wp-content\/uploads\/2025\/08\/image00019-scaled.jpeg 1920w\" sizes=\"(max-width: 768px) 100vw, 768px\" \/><button\n\t\t\tclass=\"lightbox-trigger\"\n\t\t\ttype=\"button\"\n\t\t\taria-haspopup=\"dialog\"\n\t\t\taria-label=\"Agrandir\"\n\t\t\tdata-wp-init=\"callbacks.initTriggerButton\"\n\t\t\tdata-wp-on--click=\"actions.showLightbox\"\n\t\t\tdata-wp-style--right=\"state.imageButtonRight\"\n\t\t\tdata-wp-style--top=\"state.imageButtonTop\"\n\t\t>\n\t\t\t<svg xmlns=\"http:\/\/www.w3.org\/2000\/svg\" width=\"12\" height=\"12\" fill=\"none\" viewBox=\"0 0 12 12\">\n\t\t\t\t<path fill=\"#fff\" d=\"M2 0a2 2 0 0 0-2 2v2h1.5V2a.5.5 0 0 1 .5-.5h2V0H2Zm2 10.5H2a.5.5 0 0 1-.5-.5V8H0v2a2 2 0 0 0 2 2h2v-1.5ZM8 12v-1.5h2a.5.5 0 0 0 .5-.5V8H12v2a2 2 0 0 1-2 2H8Zm2-12a2 2 0 0 1 2 2v2h-1.5V2a.5.5 0 0 0-.5-.5H8V0h2Z\" \/>\n\t\t\t<\/svg>\n\t\t<\/button><figcaption class=\"wp-element-caption\">Cam\u00e9ra avec vision nocturne allant jusqu&rsquo;\u00e0 120m<\/figcaption><\/figure>\n<\/figure>\n\n\n\n<figure class=\"wp-block-gallery has-nested-images columns-default is-cropped wp-block-gallery-4 is-layout-flex wp-block-gallery-is-layout-flex\">\n<figure class=\"wp-block-image size-large\"><img loading=\"lazy\" decoding=\"async\" width=\"1024\" height=\"768\" data-id=\"453\" src=\"https:\/\/berry-elec-technologie.com\/wp-content\/uploads\/2025\/08\/image00026-1024x768.jpeg\" alt=\"\" class=\"wp-image-453\" srcset=\"https:\/\/berry-elec-technologie.com\/wp-content\/uploads\/2025\/08\/image00026-1024x768.jpeg 1024w, https:\/\/berry-elec-technologie.com\/wp-content\/uploads\/2025\/08\/image00026-300x225.jpeg 300w, https:\/\/berry-elec-technologie.com\/wp-content\/uploads\/2025\/08\/image00026-768x576.jpeg 768w, https:\/\/berry-elec-technologie.com\/wp-content\/uploads\/2025\/08\/image00026-1536x1152.jpeg 1536w, https:\/\/berry-elec-technologie.com\/wp-content\/uploads\/2025\/08\/image00026-2048x1536.jpeg 2048w\" sizes=\"(max-width: 1024px) 100vw, 1024px\" \/><figcaption class=\"wp-element-caption\">Cam\u00e9ra motoris\u00e9 pour visualiser plusieurs endroits avec une m\u00eame cam\u00e9ra<\/figcaption><\/figure>\n\n\n\n<figure class=\"wp-block-image size-large\"><img loading=\"lazy\" decoding=\"async\" width=\"1024\" height=\"768\" data-id=\"454\" src=\"https:\/\/berry-elec-technologie.com\/wp-content\/uploads\/2025\/08\/image00024-1024x768.jpeg\" alt=\"\" class=\"wp-image-454\" srcset=\"https:\/\/berry-elec-technologie.com\/wp-content\/uploads\/2025\/08\/image00024-1024x768.jpeg 1024w, https:\/\/berry-elec-technologie.com\/wp-content\/uploads\/2025\/08\/image00024-300x225.jpeg 300w, https:\/\/berry-elec-technologie.com\/wp-content\/uploads\/2025\/08\/image00024-768x576.jpeg 768w, https:\/\/berry-elec-technologie.com\/wp-content\/uploads\/2025\/08\/image00024-1536x1152.jpeg 1536w, https:\/\/berry-elec-technologie.com\/wp-content\/uploads\/2025\/08\/image00024-2048x1536.jpeg 2048w\" sizes=\"(max-width: 1024px) 100vw, 1024px\" \/><figcaption class=\"wp-element-caption\">Cam\u00e9ras avec syst\u00e8me d&rsquo;antenne wifi pour \u00e9viter de passer un long <\/figcaption><\/figure>\n<\/figure>\n\n\n\n<div style=\"height:100px\" aria-hidden=\"true\" class=\"wp-block-spacer\"><\/div>\n\n\n\n<p class=\"has-text-align-center\"><strong>Panneau Photovolta\u00efque :<\/strong><\/p>\n\n\n\n<figure class=\"wp-block-gallery has-nested-images columns-default is-cropped wp-block-gallery-5 is-layout-flex wp-block-gallery-is-layout-flex\">\n<figure class=\"wp-block-image size-large\"><img loading=\"lazy\" decoding=\"async\" width=\"1024\" height=\"768\" data-id=\"458\" src=\"https:\/\/berry-elec-technologie.com\/wp-content\/uploads\/2025\/08\/image00038-1024x768.jpeg\" alt=\"\" class=\"wp-image-458\" srcset=\"https:\/\/berry-elec-technologie.com\/wp-content\/uploads\/2025\/08\/image00038-1024x768.jpeg 1024w, https:\/\/berry-elec-technologie.com\/wp-content\/uploads\/2025\/08\/image00038-300x225.jpeg 300w, https:\/\/berry-elec-technologie.com\/wp-content\/uploads\/2025\/08\/image00038-768x576.jpeg 768w, https:\/\/berry-elec-technologie.com\/wp-content\/uploads\/2025\/08\/image00038-1536x1152.jpeg 1536w, https:\/\/berry-elec-technologie.com\/wp-content\/uploads\/2025\/08\/image00038-2048x1536.jpeg 2048w\" sizes=\"(max-width: 1024px) 100vw, 1024px\" \/><figcaption class=\"wp-element-caption\">Syst\u00e8me de suivi autonome pour suivre le soleil toute la journ\u00e9e<\/figcaption><\/figure>\n\n\n\n<figure class=\"wp-block-image size-large\"><img loading=\"lazy\" decoding=\"async\" width=\"1024\" height=\"768\" data-id=\"460\" src=\"https:\/\/berry-elec-technologie.com\/wp-content\/uploads\/2025\/08\/image00004-1-1024x768.jpeg\" alt=\"\" class=\"wp-image-460\" srcset=\"https:\/\/berry-elec-technologie.com\/wp-content\/uploads\/2025\/08\/image00004-1-1024x768.jpeg 1024w, https:\/\/berry-elec-technologie.com\/wp-content\/uploads\/2025\/08\/image00004-1-300x225.jpeg 300w, https:\/\/berry-elec-technologie.com\/wp-content\/uploads\/2025\/08\/image00004-1-768x576.jpeg 768w, https:\/\/berry-elec-technologie.com\/wp-content\/uploads\/2025\/08\/image00004-1-1536x1152.jpeg 1536w, https:\/\/berry-elec-technologie.com\/wp-content\/uploads\/2025\/08\/image00004-1-2048x1536.jpeg 2048w\" sizes=\"(max-width: 1024px) 100vw, 1024px\" \/><figcaption class=\"wp-element-caption\">Syst\u00e8me de stockage pour logement autonome (cabane)<\/figcaption><\/figure>\n<\/figure>\n\n\n\n<div style=\"height:36px\" aria-hidden=\"true\" class=\"wp-block-spacer\"><\/div>\n\n\n\n<div class=\"wp-block-buttons is-content-justification-center is-layout-flex wp-container-core-buttons-is-layout-16018d1d wp-block-buttons-is-layout-flex\">\n<div class=\"wp-block-button\"><a class=\"wp-block-button__link wp-element-button\" href=\"https:\/\/berry-elec-technologie.com\/index.php\/contact\"><mark style=\"background-color:rgba(0, 0, 0, 0)\" class=\"has-inline-color has-white-color\">Nous contacter pour plus de renseignement ?<\/mark><\/a><\/div>\n<\/div>\n","protected":false},"excerpt":{"rendered":"<p>Electricit\u00e9 G\u00e9n\u00e9rale : Alarme, Vid\u00e9osurveillance et domotique : Panneau Photovolta\u00efque :<\/p>\n","protected":false},"author":1,"featured_media":0,"parent":0,"menu_order":0,"comment_status":"closed","ping_status":"closed","template":"","meta":{"footnotes":""},"class_list":["post-404","page","type-page","status-publish","hentry"],"_links":{"self":[{"href":"https:\/\/berry-elec-technologie.com\/index.php\/wp-json\/wp\/v2\/pages\/404","targetHints":{"allow":["GET"]}}],"collection":[{"href":"https:\/\/berry-elec-technologie.com\/index.php\/wp-json\/wp\/v2\/pages"}],"about":[{"href":"https:\/\/berry-elec-technologie.com\/index.php\/wp-json\/wp\/v2\/types\/page"}],"author":[{"embeddable":true,"href":"https:\/\/berry-elec-technologie.com\/index.php\/wp-json\/wp\/v2\/users\/1"}],"replies":[{"embeddable":true,"href":"https:\/\/berry-elec-technologie.com\/index.php\/wp-json\/wp\/v2\/comments?post=404"}],"version-history":[{"count":8,"href":"https:\/\/berry-elec-technologie.com\/index.php\/wp-json\/wp\/v2\/pages\/404\/revisions"}],"predecessor-version":[{"id":473,"href":"https:\/\/berry-elec-technologie.com\/index.php\/wp-json\/wp\/v2\/pages\/404\/revisions\/473"}],"wp:attachment":[{"href":"https:\/\/berry-elec-technologie.com\/index.php\/wp-json\/wp\/v2\/media?parent=404"}],"curies":[{"name":"wp","href":"https:\/\/api.w.org\/{rel}","templated":true}]}}