{"id":501,"date":"2025-08-22T22:31:38","date_gmt":"2025-08-22T21:31:38","guid":{"rendered":"https:\/\/berry-elec-technologie.com\/?page_id=501"},"modified":"2025-12-11T00:03:32","modified_gmt":"2025-12-10T23:03:32","slug":"electricite-generale","status":"publish","type":"page","link":"https:\/\/berry-elec-technologie.com\/index.php\/electricite-generale\/","title":{"rendered":"Electricit\u00e9 G\u00e9n\u00e9rale"},"content":{"rendered":"\n<div class=\"wp-block-media-text is-stacked-on-mobile is-vertically-aligned-center\" style=\"grid-template-columns:54% auto\"><figure class=\"wp-block-media-text__media\"><img fetchpriority=\"high\" decoding=\"async\" width=\"1024\" height=\"674\" src=\"https:\/\/berry-elec-technologie.com\/wp-content\/uploads\/2025\/12\/image-chantier-jollet-1024x674.png\" alt=\"\" class=\"wp-image-553 size-full\" srcset=\"https:\/\/berry-elec-technologie.com\/wp-content\/uploads\/2025\/12\/image-chantier-jollet-1024x674.png 1024w, https:\/\/berry-elec-technologie.com\/wp-content\/uploads\/2025\/12\/image-chantier-jollet-300x198.png 300w, https:\/\/berry-elec-technologie.com\/wp-content\/uploads\/2025\/12\/image-chantier-jollet-768x506.png 768w, https:\/\/berry-elec-technologie.com\/wp-content\/uploads\/2025\/12\/image-chantier-jollet-1536x1011.png 1536w, https:\/\/berry-elec-technologie.com\/wp-content\/uploads\/2025\/12\/image-chantier-jollet.png 1920w\" sizes=\"(max-width: 1024px) 100vw, 1024px\" \/><\/figure><div class=\"wp-block-media-text__content\">\n<h2 class=\"wp-block-heading\">R\u00e9novation de tableau \u00e9lectrique<\/h2>\n\n\n\n<p>Je remet aux normes votre tableaux \u00e9lectriques pour garantir la s\u00e9curit\u00e9 de votre tableau \u00e9lectrique<\/p>\n<\/div><\/div>\n\n\n\n<div style=\"height:34px\" aria-hidden=\"true\" class=\"wp-block-spacer\"><\/div>\n\n\n\n<div class=\"wp-block-media-text has-media-on-the-right is-stacked-on-mobile is-vertically-aligned-center\" style=\"grid-template-columns:auto 32%\"><div class=\"wp-block-media-text__content\">\n<h2 class=\"wp-block-heading\">Installation \u00e9lectrique neuve<\/h2>\n\n\n\n<p>Cr\u00e9ation d&rsquo;un tableau \u00e9lectrique ainsi que des d\u00e9parts pour alimenter des \u00e9quipements (prises, \u00e9clairages, garage, &#8230;)<\/p>\n<\/div><figure class=\"wp-block-media-text__media\"><img decoding=\"async\" width=\"4032\" height=\"3024\" src=\"http:\/\/berry-elec-technologie.com\/wp-content\/uploads\/2025\/08\/IMG_0230.jpg\" alt=\"\" class=\"wp-image-436 size-full\"\/><\/figure><\/div>\n\n\n\n<div style=\"height:34px\" aria-hidden=\"true\" class=\"wp-block-spacer\"><\/div>\n\n\n\n<div class=\"wp-block-media-text is-stacked-on-mobile is-vertically-aligned-center\" style=\"grid-template-columns:39% auto\"><figure class=\"wp-block-media-text__media\"><img decoding=\"async\" width=\"300\" height=\"168\" src=\"https:\/\/berry-elec-technologie.com\/wp-content\/uploads\/2025\/08\/Unknown-1.jpeg\" alt=\"\" class=\"wp-image-515 size-full\"\/><\/figure><div class=\"wp-block-media-text__content\">\n<h2 class=\"wp-block-heading\">Installation borne de charge<\/h2>\n\n\n\n<p>Installation d&rsquo;une borne de charge ou prise renforc\u00e9 pour la recharge d&rsquo;une voiture \u00e9lectrique avec cr\u00e9ation du d\u00e9part dans le tableau \u00e9lectrique.<\/p>\n<\/div><\/div>\n\n\n\n<div style=\"height:34px\" aria-hidden=\"true\" class=\"wp-block-spacer\"><\/div>\n\n\n\n<div class=\"wp-block-media-text has-media-on-the-right is-stacked-on-mobile is-vertically-aligned-center\" style=\"grid-template-columns:auto 54%\"><div class=\"wp-block-media-text__content\">\n<h2 class=\"wp-block-heading\">Eclairage<\/h2>\n\n\n\n<p>Installation de point lumineux (spot, projecteurs, applique, &#8230;) en int\u00e9rieur et ext\u00e9rieur<\/p>\n<\/div><figure class=\"wp-block-media-text__media\"><img loading=\"lazy\" decoding=\"async\" width=\"1024\" height=\"768\" src=\"http:\/\/berry-elec-technologie.com\/wp-content\/uploads\/2025\/08\/image00031-1024x768.jpeg\" alt=\"\" class=\"wp-image-444 size-full\" srcset=\"https:\/\/berry-elec-technologie.com\/wp-content\/uploads\/2025\/08\/image00031-1024x768.jpeg 1024w, https:\/\/berry-elec-technologie.com\/wp-content\/uploads\/2025\/08\/image00031-300x225.jpeg 300w, https:\/\/berry-elec-technologie.com\/wp-content\/uploads\/2025\/08\/image00031-768x576.jpeg 768w, https:\/\/berry-elec-technologie.com\/wp-content\/uploads\/2025\/08\/image00031-1536x1152.jpeg 1536w, https:\/\/berry-elec-technologie.com\/wp-content\/uploads\/2025\/08\/image00031-2048x1536.jpeg 2048w\" sizes=\"(max-width: 1024px) 100vw, 1024px\" \/><\/figure><\/div>\n\n\n\n<div style=\"height:34px\" aria-hidden=\"true\" class=\"wp-block-spacer\"><\/div>\n\n\n\n<div class=\"wp-block-media-text is-stacked-on-mobile is-vertically-aligned-center\" style=\"grid-template-columns:54% auto\"><figure class=\"wp-block-media-text__media\"><img loading=\"lazy\" decoding=\"async\" width=\"900\" height=\"526\" src=\"https:\/\/berry-elec-technologie.com\/wp-content\/uploads\/2025\/08\/motorisation_portail_coulissant_faac_cyclo-1.jpg\" alt=\"\" class=\"wp-image-514 size-full\" srcset=\"https:\/\/berry-elec-technologie.com\/wp-content\/uploads\/2025\/08\/motorisation_portail_coulissant_faac_cyclo-1.jpg 900w, https:\/\/berry-elec-technologie.com\/wp-content\/uploads\/2025\/08\/motorisation_portail_coulissant_faac_cyclo-1-300x175.jpg 300w, https:\/\/berry-elec-technologie.com\/wp-content\/uploads\/2025\/08\/motorisation_portail_coulissant_faac_cyclo-1-768x449.jpg 768w\" sizes=\"(max-width: 900px) 100vw, 900px\" \/><\/figure><div class=\"wp-block-media-text__content\">\n<h2 class=\"wp-block-heading\">Motorisation<\/h2>\n\n\n\n<p>Installation d&rsquo;une motorisation de portail ou porte de garage pour rendre l&rsquo;ouverture plus facile<\/p>\n\n\n\n<p>Possibilit\u00e9 de modifier une installation existante pour la rendre motoris\u00e9 (si possible)<\/p>\n<\/div><\/div>\n\n\n\n<div style=\"height:34px\" aria-hidden=\"true\" class=\"wp-block-spacer\"><\/div>\n\n\n\n<div class=\"wp-block-media-text has-media-on-the-right is-stacked-on-mobile is-vertically-aligned-center\" style=\"grid-template-columns:auto 54%\"><div class=\"wp-block-media-text__content\">\n<h2 class=\"wp-block-heading\">Domotique et R\u00e9seaux<\/h2>\n\n\n\n<p>Mise en place d&rsquo;un r\u00e9seau informatique aux seins d&rsquo;une maison, local ou PME<\/p>\n\n\n\n<p>Installation d&rsquo;objets connect\u00e9es pour automatis\u00e9 des \u00e9quipements (prises, \u00e9clairages, motorisation, &#8230;) ou pour collecter des donn\u00e9es (temp\u00e9rature, consommation \u00e9lectrique, &#8230;)<\/p>\n<\/div><figure class=\"wp-block-media-text__media\"><img loading=\"lazy\" decoding=\"async\" width=\"1024\" height=\"683\" src=\"https:\/\/berry-elec-technologie.com\/wp-content\/uploads\/2025\/08\/baie-brassage-15u-rackmatic.jpg-1024x683.webp\" alt=\"\" class=\"wp-image-512 size-full\" srcset=\"https:\/\/berry-elec-technologie.com\/wp-content\/uploads\/2025\/08\/baie-brassage-15u-rackmatic.jpg-1024x683.webp 1024w, https:\/\/berry-elec-technologie.com\/wp-content\/uploads\/2025\/08\/baie-brassage-15u-rackmatic.jpg-300x200.webp 300w, https:\/\/berry-elec-technologie.com\/wp-content\/uploads\/2025\/08\/baie-brassage-15u-rackmatic.jpg-768x512.webp 768w, https:\/\/berry-elec-technologie.com\/wp-content\/uploads\/2025\/08\/baie-brassage-15u-rackmatic.jpg-420x280.webp 420w, https:\/\/berry-elec-technologie.com\/wp-content\/uploads\/2025\/08\/baie-brassage-15u-rackmatic.jpg.webp 1500w\" sizes=\"(max-width: 1024px) 100vw, 1024px\" \/><\/figure><\/div>\n\n\n\n<div style=\"height:34px\" aria-hidden=\"true\" class=\"wp-block-spacer\"><\/div>\n\n\n\n<div class=\"wp-block-buttons is-content-justification-center is-layout-flex wp-container-core-buttons-is-layout-16018d1d wp-block-buttons-is-layout-flex\">\n<div class=\"wp-block-button\"><a class=\"wp-block-button__link wp-element-button\" href=\"https:\/\/berry-elec-technologie.com\/index.php\/contact\"><mark style=\"background-color:rgba(0, 0, 0, 0)\" class=\"has-inline-color has-white-color\">Nous contacter pour plus de renseignement ?<\/mark><\/a><\/div>\n<\/div>\n","protected":false},"excerpt":{"rendered":"<p>R\u00e9novation de tableau \u00e9lectrique Je remet aux normes votre tableaux \u00e9lectriques pour garantir la s\u00e9curit\u00e9 de votre tableau \u00e9lectrique Installation \u00e9lectrique neuve Cr\u00e9ation d&rsquo;un tableau &hellip; <\/p>\n","protected":false},"author":1,"featured_media":0,"parent":0,"menu_order":0,"comment_status":"closed","ping_status":"closed","template":"","meta":{"footnotes":""},"class_list":["post-501","page","type-page","status-publish","hentry"],"_links":{"self":[{"href":"https:\/\/berry-elec-technologie.com\/index.php\/wp-json\/wp\/v2\/pages\/501","targetHints":{"allow":["GET"]}}],"collection":[{"href":"https:\/\/berry-elec-technologie.com\/index.php\/wp-json\/wp\/v2\/pages"}],"about":[{"href":"https:\/\/berry-elec-technologie.com\/index.php\/wp-json\/wp\/v2\/types\/page"}],"author":[{"embeddable":true,"href":"https:\/\/berry-elec-technologie.com\/index.php\/wp-json\/wp\/v2\/users\/1"}],"replies":[{"embeddable":true,"href":"https:\/\/berry-elec-technologie.com\/index.php\/wp-json\/wp\/v2\/comments?post=501"}],"version-history":[{"count":7,"href":"https:\/\/berry-elec-technologie.com\/index.php\/wp-json\/wp\/v2\/pages\/501\/revisions"}],"predecessor-version":[{"id":554,"href":"https:\/\/berry-elec-technologie.com\/index.php\/wp-json\/wp\/v2\/pages\/501\/revisions\/554"}],"wp:attachment":[{"href":"https:\/\/berry-elec-technologie.com\/index.php\/wp-json\/wp\/v2\/media?parent=501"}],"curies":[{"name":"wp","href":"https:\/\/api.w.org\/{rel}","templated":true}]}}