{"id":503,"date":"2025-08-22T23:07:06","date_gmt":"2025-08-22T22:07:06","guid":{"rendered":"https:\/\/berry-elec-technologie.com\/?page_id=503"},"modified":"2025-08-27T09:09:39","modified_gmt":"2025-08-27T08:09:39","slug":"alarme-et-videosurveillance","status":"publish","type":"page","link":"https:\/\/berry-elec-technologie.com\/index.php\/alarme-et-videosurveillance\/","title":{"rendered":"Alarme et Vid\u00e9osurveillance"},"content":{"rendered":"\n<div class=\"wp-block-media-text is-stacked-on-mobile\" style=\"grid-template-columns:28% auto\"><figure class=\"wp-block-media-text__media\"><img fetchpriority=\"high\" decoding=\"async\" width=\"816\" height=\"1024\" src=\"https:\/\/berry-elec-technologie.com\/wp-content\/uploads\/2025\/08\/IMG_8699-816x1024.jpg\" alt=\"\" class=\"wp-image-522 size-full\" srcset=\"https:\/\/berry-elec-technologie.com\/wp-content\/uploads\/2025\/08\/IMG_8699-816x1024.jpg 816w, https:\/\/berry-elec-technologie.com\/wp-content\/uploads\/2025\/08\/IMG_8699-239x300.jpg 239w, https:\/\/berry-elec-technologie.com\/wp-content\/uploads\/2025\/08\/IMG_8699-768x964.jpg 768w, https:\/\/berry-elec-technologie.com\/wp-content\/uploads\/2025\/08\/IMG_8699-1224x1536.jpg 1224w, https:\/\/berry-elec-technologie.com\/wp-content\/uploads\/2025\/08\/IMG_8699.jpg 1600w\" sizes=\"(max-width: 816px) 100vw, 816px\" \/><\/figure><div class=\"wp-block-media-text__content\">\n<h2 class=\"wp-block-heading\">Alarme Anti Intrusion<\/h2>\n\n\n\n<p>Votre alarme permet de dissuader une personne tentant de rentrer chez vous par effraction. Gr\u00e2ce a ces multiples d\u00e9tecteurs il est possibles de les installer en ext\u00e9rieur comme en int\u00e9rieur avec de la d\u00e9tections sur mouvement, sur ouvertures ou sur bris de vitre. Accoupl\u00e9 aux d\u00e9tecteurs, les sir\u00e8nes int\u00e9rieur et ext\u00e9rieur permettent de faire fuir les intrus et d&rsquo;alerter le voisinage d&rsquo;un probl\u00e8me. Il est \u00e9galement possible d&rsquo;ajouter des d\u00e9tecteurs de fum\u00e9e, de monoxyde de carbone ou d&rsquo;inondations pour alerter les personnes d&rsquo;un probl\u00e8me.<\/p>\n<\/div><\/div>\n\n\n\n<div class=\"wp-block-media-text has-media-on-the-right is-stacked-on-mobile\" style=\"grid-template-columns:auto 40%\"><div class=\"wp-block-media-text__content\">\n<h2 class=\"wp-block-heading\"><\/h2>\n\n\n\n<p>Votre syst\u00e8me d&rsquo;alarme est reli\u00e9 sur votre box et peut aussi communiquer par SMS et par appel t\u00e9l\u00e9phonique en cas de probl\u00e8me (Carte SIM requise). Gr\u00e2ce \u00e0 l&rsquo;application mobile vous pouvez recevoir des notifications vous informant des changements d&rsquo;\u00e9tats de l&rsquo;alarme (armement et d\u00e9sarmement).<\/p>\n<\/div><figure class=\"wp-block-media-text__media\"><img decoding=\"async\" width=\"647\" height=\"365\" src=\"https:\/\/berry-elec-technologie.com\/wp-content\/uploads\/2025\/08\/AX-Pro_benefit03.jpg\" alt=\"\" class=\"wp-image-523 size-full\" srcset=\"https:\/\/berry-elec-technologie.com\/wp-content\/uploads\/2025\/08\/AX-Pro_benefit03.jpg 647w, https:\/\/berry-elec-technologie.com\/wp-content\/uploads\/2025\/08\/AX-Pro_benefit03-300x169.jpg 300w\" sizes=\"(max-width: 647px) 100vw, 647px\" \/><\/figure><\/div>\n\n\n\n<div style=\"height:33px\" aria-hidden=\"true\" class=\"wp-block-spacer\"><\/div>\n\n\n\n<div class=\"wp-block-media-text is-stacked-on-mobile\" style=\"grid-template-columns:28% auto\"><figure class=\"wp-block-media-text__media\"><img decoding=\"async\" width=\"768\" height=\"1024\" src=\"http:\/\/berry-elec-technologie.com\/wp-content\/uploads\/2025\/08\/image00016-768x1024.jpeg\" alt=\"\" class=\"wp-image-451 size-full\" srcset=\"https:\/\/berry-elec-technologie.com\/wp-content\/uploads\/2025\/08\/image00016-768x1024.jpeg 768w, https:\/\/berry-elec-technologie.com\/wp-content\/uploads\/2025\/08\/image00016-225x300.jpeg 225w, https:\/\/berry-elec-technologie.com\/wp-content\/uploads\/2025\/08\/image00016-1152x1536.jpeg 1152w, https:\/\/berry-elec-technologie.com\/wp-content\/uploads\/2025\/08\/image00016-1536x2048.jpeg 1536w, https:\/\/berry-elec-technologie.com\/wp-content\/uploads\/2025\/08\/image00016-scaled.jpeg 1920w\" sizes=\"(max-width: 768px) 100vw, 768px\" \/><\/figure><div class=\"wp-block-media-text__content\">\n<h2 class=\"wp-block-heading\">Vid\u00e9osurveillance<\/h2>\n\n\n\n<p>Votre installation de vid\u00e9osurveillance enregistre 24h\/24 et 7j\/7 avec une dur\u00e9e d&rsquo;enregistrement jusqu&rsquo;\u00e0 1 mois. Cela vous permet en cas de doute de pouvoir visionner ce qu&rsquo;il s&rsquo;est pass\u00e9.<\/p>\n<\/div><\/div>\n\n\n\n<div class=\"wp-block-media-text has-media-on-the-right is-stacked-on-mobile\" style=\"grid-template-columns:auto 31%\"><div class=\"wp-block-media-text__content\">\n<p>Votre installation de vid\u00e9osurveillance vous permet de visualiser en temps r\u00e9el ou en replay depuis partout dans le monde gr\u00e2ce a l&rsquo;application mobile. Pratique de pouvoir garder un oeil chez soit lorsqu&rsquo;on est en vacances !!<\/p>\n<\/div><figure class=\"wp-block-media-text__media\"><img loading=\"lazy\" decoding=\"async\" width=\"225\" height=\"225\" src=\"https:\/\/berry-elec-technologie.com\/wp-content\/uploads\/2025\/08\/Unknown-2.jpeg\" alt=\"\" class=\"wp-image-521 size-full\" srcset=\"https:\/\/berry-elec-technologie.com\/wp-content\/uploads\/2025\/08\/Unknown-2.jpeg 225w, https:\/\/berry-elec-technologie.com\/wp-content\/uploads\/2025\/08\/Unknown-2-150x150.jpeg 150w\" sizes=\"(max-width: 225px) 100vw, 225px\" \/><\/figure><\/div>\n\n\n\n<div style=\"height:33px\" aria-hidden=\"true\" class=\"wp-block-spacer\"><\/div>\n\n\n\n<div class=\"wp-block-media-text is-stacked-on-mobile\" style=\"grid-template-columns:49% auto\"><figure class=\"wp-block-media-text__media\"><img loading=\"lazy\" decoding=\"async\" width=\"1024\" height=\"768\" src=\"http:\/\/berry-elec-technologie.com\/wp-content\/uploads\/2025\/08\/image00024-1024x768.jpeg\" alt=\"\" class=\"wp-image-454 size-full\" srcset=\"https:\/\/berry-elec-technologie.com\/wp-content\/uploads\/2025\/08\/image00024-1024x768.jpeg 1024w, https:\/\/berry-elec-technologie.com\/wp-content\/uploads\/2025\/08\/image00024-300x225.jpeg 300w, https:\/\/berry-elec-technologie.com\/wp-content\/uploads\/2025\/08\/image00024-768x576.jpeg 768w, https:\/\/berry-elec-technologie.com\/wp-content\/uploads\/2025\/08\/image00024-1536x1152.jpeg 1536w, https:\/\/berry-elec-technologie.com\/wp-content\/uploads\/2025\/08\/image00024-2048x1536.jpeg 2048w\" sizes=\"(max-width: 1024px) 100vw, 1024px\" \/><\/figure><div class=\"wp-block-media-text__content\">\n<h2 class=\"wp-block-heading\">Sans Fil<\/h2>\n\n\n\n<p>Les cam\u00e9ras sont POE, cela veut dire qu&rsquo;il faut uniquement un fil entre la cam\u00e9ra et l&rsquo;enregistreur pour l&rsquo;alimenter et faire passer le signal vid\u00e9o. Vous souhaitez avoir une cam\u00e9ra mais il n&rsquo;est pas possible de passer un c\u00e2ble entre 2 batiments ? Pas de soucis, si l&rsquo;\u00e9lectricit\u00e9 est pr\u00e9sente il est possible de mettre des antennes qui permettent de faire un pont entre les 2 b\u00e2timents<\/p>\n<\/div><\/div>\n\n\n\n<div style=\"height:33px\" aria-hidden=\"true\" class=\"wp-block-spacer\"><\/div>\n\n\n\n<div class=\"wp-block-media-text has-media-on-the-right is-stacked-on-mobile\" style=\"grid-template-columns:auto 49%\"><div class=\"wp-block-media-text__content\">\n<h2 class=\"wp-block-heading\">Vision Nocturne<\/h2>\n\n\n\n<p>Gr\u00e2ce aux infrarouges, la cam\u00e9ra voit de nuit et jusqu&rsquo;\u00e0 120m en fonction de la cam\u00e9ra. Certaines d&rsquo;entres elles sont hybrides, elle cumule les infrarouges et les LED blanches. La nuit la cam\u00e9ra est en infrarouge et si elle d\u00e9tecte un mouvement la LED s&rsquo;allume pour voir beaucoup mieux<\/p>\n<\/div><figure class=\"wp-block-media-text__media\"><img loading=\"lazy\" decoding=\"async\" width=\"480\" height=\"273\" src=\"https:\/\/berry-elec-technologie.com\/wp-content\/uploads\/2025\/08\/Full_Color_-_Smart_Dual_Illuminators-2.jpg\" alt=\"\" class=\"wp-image-526 size-full\" srcset=\"https:\/\/berry-elec-technologie.com\/wp-content\/uploads\/2025\/08\/Full_Color_-_Smart_Dual_Illuminators-2.jpg 480w, https:\/\/berry-elec-technologie.com\/wp-content\/uploads\/2025\/08\/Full_Color_-_Smart_Dual_Illuminators-2-300x171.jpg 300w\" sizes=\"(max-width: 480px) 100vw, 480px\" \/><\/figure><\/div>\n\n\n\n<div style=\"height:33px\" aria-hidden=\"true\" class=\"wp-block-spacer\"><\/div>\n\n\n\n<div class=\"wp-block-media-text is-stacked-on-mobile\" style=\"grid-template-columns:49% auto\"><figure class=\"wp-block-media-text__media\"><img loading=\"lazy\" decoding=\"async\" width=\"1024\" height=\"768\" src=\"http:\/\/berry-elec-technologie.com\/wp-content\/uploads\/2025\/08\/image00026-1-1024x768.jpeg\" alt=\"\" class=\"wp-image-455 size-full\" srcset=\"https:\/\/berry-elec-technologie.com\/wp-content\/uploads\/2025\/08\/image00026-1-1024x768.jpeg 1024w, https:\/\/berry-elec-technologie.com\/wp-content\/uploads\/2025\/08\/image00026-1-300x225.jpeg 300w, https:\/\/berry-elec-technologie.com\/wp-content\/uploads\/2025\/08\/image00026-1-768x576.jpeg 768w, https:\/\/berry-elec-technologie.com\/wp-content\/uploads\/2025\/08\/image00026-1-1536x1152.jpeg 1536w, https:\/\/berry-elec-technologie.com\/wp-content\/uploads\/2025\/08\/image00026-1-2048x1536.jpeg 2048w\" sizes=\"(max-width: 1024px) 100vw, 1024px\" \/><\/figure><div class=\"wp-block-media-text__content\">\n<h2 class=\"wp-block-heading\">Cam\u00e9ra motoris\u00e9 avec zoom<\/h2>\n\n\n\n<p>Certaines cam\u00e9ras sont PTZ, cela veut dire quelles sont motoris\u00e9es, elles peuvent bouger en 360\u00b0 et de zoom\u00e9 jusqu&rsquo;en x100. Ce produits est souvent utilis\u00e9 pour surveill\u00e9 une grande zone ou dans un \u00e9levage pour les agriculteurs.<\/p>\n<\/div><\/div>\n\n\n\n<p><\/p>\n","protected":false},"excerpt":{"rendered":"<p>Alarme Anti Intrusion Votre alarme permet de dissuader une personne tentant de rentrer chez vous par effraction. Gr\u00e2ce a ces multiples d\u00e9tecteurs il est possibles &hellip; <\/p>\n","protected":false},"author":1,"featured_media":0,"parent":0,"menu_order":0,"comment_status":"closed","ping_status":"closed","template":"","meta":{"footnotes":""},"class_list":["post-503","page","type-page","status-publish","hentry"],"_links":{"self":[{"href":"https:\/\/berry-elec-technologie.com\/index.php\/wp-json\/wp\/v2\/pages\/503","targetHints":{"allow":["GET"]}}],"collection":[{"href":"https:\/\/berry-elec-technologie.com\/index.php\/wp-json\/wp\/v2\/pages"}],"about":[{"href":"https:\/\/berry-elec-technologie.com\/index.php\/wp-json\/wp\/v2\/types\/page"}],"author":[{"embeddable":true,"href":"https:\/\/berry-elec-technologie.com\/index.php\/wp-json\/wp\/v2\/users\/1"}],"replies":[{"embeddable":true,"href":"https:\/\/berry-elec-technologie.com\/index.php\/wp-json\/wp\/v2\/comments?post=503"}],"version-history":[{"count":4,"href":"https:\/\/berry-elec-technologie.com\/index.php\/wp-json\/wp\/v2\/pages\/503\/revisions"}],"predecessor-version":[{"id":540,"href":"https:\/\/berry-elec-technologie.com\/index.php\/wp-json\/wp\/v2\/pages\/503\/revisions\/540"}],"wp:attachment":[{"href":"https:\/\/berry-elec-technologie.com\/index.php\/wp-json\/wp\/v2\/media?parent=503"}],"curies":[{"name":"wp","href":"https:\/\/api.w.org\/{rel}","templated":true}]}}